{"id":945,"date":"2023-04-18T13:48:31","date_gmt":"2023-04-18T13:48:31","guid":{"rendered":"https:\/\/naturistderweg.be\/?page_id=945"},"modified":"2023-04-18T13:48:57","modified_gmt":"2023-04-18T13:48:57","slug":"impressum","status":"publish","type":"page","link":"https:\/\/naturistderweg.be\/index.php\/impressum\/","title":{"rendered":"Impressum"},"content":{"rendered":"<section  class='av_textblock_section av-lgmblllu-4abf0f3b315790a704afa4a0a21f273f '   itemscope=\"itemscope\" itemtype=\"https:\/\/schema.org\/CreativeWork\" ><div class='avia_textblock'  itemprop=\"text\" ><h3>Impressum<\/h3>\n<p><strong>Verantwortlicher Herausgeber:<\/strong><br \/>\nDaniel Mackels<br \/>\nElsenborn, Lagerstra\u00dfe 30<br \/>\n4750 B\u00fctgenbach<\/p>\n<p>Copyright:\u00a0\u00a9 2023 Natur ist der Weg<\/p>\n<p>Alle Rechte vorbehalten. Text, Bilder und Grafiken sowie deren Anordnung auf dieser Website unterliegen dem Schutz des Urheberrechts und anderer Schutzgesetze. Der Inhalt dieser Website darf nicht zu kommerziellen Zwecken kopiert, verbreitet, ver\u00e4ndert oder Dritten zug\u00e4nglich gemacht werden. Die Website enth\u00e4lt au\u00dferdem Bilder und Links, die ganz oder teilweise dem Copyright Dritter unterliegen. Das in der Website enthaltene geistige Eigentum ist gesch\u00fctzt. Durch die Ver\u00f6ffentlichung dieser Website erteilen die Produzenten keine Lizenz zur Nutzung dieses Eigentums an Dritte.<\/p>\n<p><strong>Haftungshinweis:<\/strong><br \/>\nDie Nachrichten auf dieser Internetseite wurden mit der nach den Umst\u00e4nden gebotenen Sorgfalt auf Inhalt, Herkunft und Wahrheit gepr\u00fcft. Es wird keine Gew\u00e4hr f\u00fcr die Vollst\u00e4ndigkeit, Richtigkeit oder Aktualit\u00e4t sowie die jederzeitige Verf\u00fcgbarkeit der bereitgestellten Informationen \u00fcbernommen. Eine Haftung f\u00fcr Sch\u00e4den, die aus der Nutzung oder Nichtnutzung der auf dieser Internetseite angebotenen Informationen oder das Aufrufen oder Herunterladen von Daten oder die Installation oder Nutzung von heruntergeladener Software entstehen, wird \u2013 soweit gesetzlich zul\u00e4ssig \u2013 ausgeschlossen.<\/p>\n<p><strong>Realisierung:<\/strong><br \/>\nGRAFOKA \u2013 Katja Paulis<br \/>\nKleeborn, Breitfeld 13<br \/>\nB \u2013 4780 St.Vith<br \/>\nTel.: +32 (0)473 653 603<\/p>\n<p><strong>Hosting:<\/strong><br \/>\nIndigo<br \/>\nFriedensstra\u00dfe 10<br \/>\nB \u2013\u00a04780 St.Vith<br \/>\nTel.: +32 (0)80 280 281<\/p>\n<\/div><\/section>\n","protected":false},"excerpt":{"rendered":"","protected":false},"author":1,"featured_media":0,"parent":0,"menu_order":0,"comment_status":"closed","ping_status":"closed","template":"","meta":{"footnotes":""},"class_list":["post-945","page","type-page","status-publish","hentry"],"yoast_head":"<!-- This site is optimized with the Yoast SEO plugin v27.5 - https:\/\/yoast.com\/product\/yoast-seo-wordpress\/ -->\n<title>Impressum - Natur ist der Weg<\/title>\n<meta name=\"robots\" content=\"index, follow, max-snippet:-1, max-image-preview:large, max-video-preview:-1\" \/>\n<link rel=\"canonical\" href=\"https:\/\/naturistderweg.be\/index.php\/impressum\/\" \/>\n<meta property=\"og:locale\" content=\"de_DE\" \/>\n<meta property=\"og:type\" content=\"article\" \/>\n<meta property=\"og:title\" content=\"Impressum - Natur ist der Weg\" \/>\n<meta property=\"og:url\" content=\"https:\/\/naturistderweg.be\/index.php\/impressum\/\" \/>\n<meta property=\"og:site_name\" content=\"Natur ist der Weg\" \/>\n<meta property=\"article:modified_time\" content=\"2023-04-18T13:48:57+00:00\" \/>\n<meta name=\"twitter:card\" content=\"summary_large_image\" \/>\n<meta name=\"twitter:label1\" content=\"Gesch\u00e4tzte Lesezeit\" \/>\n\t<meta name=\"twitter:data1\" content=\"2\u00a0Minuten\" \/>\n<script type=\"application\/ld+json\" class=\"yoast-schema-graph\">{\"@context\":\"https:\\\/\\\/schema.org\",\"@graph\":[{\"@type\":\"WebPage\",\"@id\":\"https:\\\/\\\/naturistderweg.be\\\/index.php\\\/impressum\\\/\",\"url\":\"https:\\\/\\\/naturistderweg.be\\\/index.php\\\/impressum\\\/\",\"name\":\"Impressum - Natur ist der Weg\",\"isPartOf\":{\"@id\":\"https:\\\/\\\/naturistderweg.be\\\/#website\"},\"datePublished\":\"2023-04-18T13:48:31+00:00\",\"dateModified\":\"2023-04-18T13:48:57+00:00\",\"breadcrumb\":{\"@id\":\"https:\\\/\\\/naturistderweg.be\\\/index.php\\\/impressum\\\/#breadcrumb\"},\"inLanguage\":\"de\",\"potentialAction\":[{\"@type\":\"ReadAction\",\"target\":[\"https:\\\/\\\/naturistderweg.be\\\/index.php\\\/impressum\\\/\"]}]},{\"@type\":\"BreadcrumbList\",\"@id\":\"https:\\\/\\\/naturistderweg.be\\\/index.php\\\/impressum\\\/#breadcrumb\",\"itemListElement\":[{\"@type\":\"ListItem\",\"position\":1,\"name\":\"Startseite\",\"item\":\"https:\\\/\\\/naturistderweg.be\\\/\"},{\"@type\":\"ListItem\",\"position\":2,\"name\":\"Impressum\"}]},{\"@type\":\"WebSite\",\"@id\":\"https:\\\/\\\/naturistderweg.be\\\/#website\",\"url\":\"https:\\\/\\\/naturistderweg.be\\\/\",\"name\":\"Natur ist der Weg\",\"description\":\"\",\"potentialAction\":[{\"@type\":\"SearchAction\",\"target\":{\"@type\":\"EntryPoint\",\"urlTemplate\":\"https:\\\/\\\/naturistderweg.be\\\/?s={search_term_string}\"},\"query-input\":{\"@type\":\"PropertyValueSpecification\",\"valueRequired\":true,\"valueName\":\"search_term_string\"}}],\"inLanguage\":\"de\"}]}<\/script>\n<!-- \/ Yoast SEO plugin. -->","yoast_head_json":{"title":"Impressum - Natur ist der Weg","robots":{"index":"index","follow":"follow","max-snippet":"max-snippet:-1","max-image-preview":"max-image-preview:large","max-video-preview":"max-video-preview:-1"},"canonical":"https:\/\/naturistderweg.be\/index.php\/impressum\/","og_locale":"de_DE","og_type":"article","og_title":"Impressum - Natur ist der Weg","og_url":"https:\/\/naturistderweg.be\/index.php\/impressum\/","og_site_name":"Natur ist der Weg","article_modified_time":"2023-04-18T13:48:57+00:00","twitter_card":"summary_large_image","twitter_misc":{"Gesch\u00e4tzte Lesezeit":"2\u00a0Minuten"},"schema":{"@context":"https:\/\/schema.org","@graph":[{"@type":"WebPage","@id":"https:\/\/naturistderweg.be\/index.php\/impressum\/","url":"https:\/\/naturistderweg.be\/index.php\/impressum\/","name":"Impressum - Natur ist der Weg","isPartOf":{"@id":"https:\/\/naturistderweg.be\/#website"},"datePublished":"2023-04-18T13:48:31+00:00","dateModified":"2023-04-18T13:48:57+00:00","breadcrumb":{"@id":"https:\/\/naturistderweg.be\/index.php\/impressum\/#breadcrumb"},"inLanguage":"de","potentialAction":[{"@type":"ReadAction","target":["https:\/\/naturistderweg.be\/index.php\/impressum\/"]}]},{"@type":"BreadcrumbList","@id":"https:\/\/naturistderweg.be\/index.php\/impressum\/#breadcrumb","itemListElement":[{"@type":"ListItem","position":1,"name":"Startseite","item":"https:\/\/naturistderweg.be\/"},{"@type":"ListItem","position":2,"name":"Impressum"}]},{"@type":"WebSite","@id":"https:\/\/naturistderweg.be\/#website","url":"https:\/\/naturistderweg.be\/","name":"Natur ist der Weg","description":"","potentialAction":[{"@type":"SearchAction","target":{"@type":"EntryPoint","urlTemplate":"https:\/\/naturistderweg.be\/?s={search_term_string}"},"query-input":{"@type":"PropertyValueSpecification","valueRequired":true,"valueName":"search_term_string"}}],"inLanguage":"de"}]}},"_links":{"self":[{"href":"https:\/\/naturistderweg.be\/index.php\/wp-json\/wp\/v2\/pages\/945","targetHints":{"allow":["GET"]}}],"collection":[{"href":"https:\/\/naturistderweg.be\/index.php\/wp-json\/wp\/v2\/pages"}],"about":[{"href":"https:\/\/naturistderweg.be\/index.php\/wp-json\/wp\/v2\/types\/page"}],"author":[{"embeddable":true,"href":"https:\/\/naturistderweg.be\/index.php\/wp-json\/wp\/v2\/users\/1"}],"replies":[{"embeddable":true,"href":"https:\/\/naturistderweg.be\/index.php\/wp-json\/wp\/v2\/comments?post=945"}],"version-history":[{"count":1,"href":"https:\/\/naturistderweg.be\/index.php\/wp-json\/wp\/v2\/pages\/945\/revisions"}],"predecessor-version":[{"id":946,"href":"https:\/\/naturistderweg.be\/index.php\/wp-json\/wp\/v2\/pages\/945\/revisions\/946"}],"wp:attachment":[{"href":"https:\/\/naturistderweg.be\/index.php\/wp-json\/wp\/v2\/media?parent=945"}],"curies":[{"name":"wp","href":"https:\/\/api.w.org\/{rel}","templated":true}]}}