{"id":253,"date":"2016-05-23T10:30:12","date_gmt":"2016-05-23T10:30:12","guid":{"rendered":"http:\/\/test.kriesi.at\/enfold-health-coach\/?page_id=253"},"modified":"2023-02-24T10:06:02","modified_gmt":"2023-02-24T10:06:02","slug":"ueber-mich","status":"publish","type":"page","link":"https:\/\/naturistderweg.be\/index.php\/ueber-mich\/","title":{"rendered":"\u00dcber mich"},"content":{"rendered":"<div id='full_slider_1'  class='avia-fullwidth-slider main_color avia-shadow   avia-builder-el-0  el_before_av_section  avia-builder-el-first   container_wrap sidebar_right'  >\n<style type=\"text\/css\" data-created_by=\"avia_inline_auto\" id=\"style-css-av-l6lzfvtp-53e6c753dfc855273df72e7cf02f8447\">\n#top #wrap_all .avia-slideshow .av-slideshow-caption.av-l6lzfvtp-53e6c753dfc855273df72e7cf02f8447__0 .avia-caption-title{\nfont-size:50px;\n}\n<\/style>\n<div  class='avia-slideshow av-l6lzfvtp-53e6c753dfc855273df72e7cf02f8447 avia-slideshow-featured av_slideshow_full avia-slide-slider av-slideshow-ui av-control-default av-slideshow-autoplay av-loop-endless av-loop-manual-endless av-default-height-applied   avia-slideshow-1' data-slideshow-options=\"{&quot;animation&quot;:&quot;slide&quot;,&quot;autoplay&quot;:true,&quot;loop_autoplay&quot;:&quot;endless&quot;,&quot;interval&quot;:5,&quot;loop_manual&quot;:&quot;manual-endless&quot;,&quot;autoplay_stopper&quot;:false,&quot;noNavigation&quot;:false,&quot;bg_slider&quot;:false,&quot;keep_padding&quot;:false,&quot;hoverpause&quot;:false,&quot;show_slide_delay&quot;:0}\"  itemprop=\"image\" itemscope=\"itemscope\" itemtype=\"https:\/\/schema.org\/ImageObject\" ><ul class='avia-slideshow-inner ' style='padding-bottom: 28.666666666667%;'><li  class='avia-slideshow-slide av-l6lzfvtp-53e6c753dfc855273df72e7cf02f8447__0  av-single-slide slide-1 slide-odd'><div data-rel='slideshow-1' class='avia-slide-wrap '   ><img decoding=\"async\" fetchpriority=\"high\" class=\"wp-image-416 avia-img-lazy-loading-not-416\"  src=\"https:\/\/naturistderweg.be\/wp-content\/uploads\/2022\/08\/P1060957-1500x430.jpg\" width=\"1500\" height=\"430\" title='Waldbaden' alt=''  itemprop=\"thumbnailUrl\"   \/><\/div><\/li><\/ul><div class='av-slideshow-caption av-l6lzfvtp-53e6c753dfc855273df72e7cf02f8447__0 caption_fullwidth caption_center caption_center_framed caption_framed'><div class=\"container caption_container\"><div class=\"slideshow_caption\"><div class=\"slideshow_inner_caption\"><div class=\"slideshow_align_caption\"><h2 class='avia-caption-title '  itemprop=\"name\" >Wer den Weg zur Natur findet, findet auch den Weg zu sich selbst!<\/h2><\/div><\/div><\/div><\/div><\/div><\/div><\/div>\n\n<style type=\"text\/css\" data-created_by=\"avia_inline_auto\" id=\"style-css-av-jzc11-b8a4ce3a77c3fe04d603291bcaaaed93\">\n.avia-section.av-jzc11-b8a4ce3a77c3fe04d603291bcaaaed93{\nbackground-color:#f4f4f4;\nbackground-image:unset;\n}\n<\/style>\n<div id='av_section_1'  class='avia-section av-jzc11-b8a4ce3a77c3fe04d603291bcaaaed93 main_color avia-section-large avia-no-border-styling  avia-builder-el-1  el_after_av_slideshow_full  avia-builder-el-last  avia-bg-style-scroll container_wrap sidebar_right'  ><div class='container av-section-cont-open' ><div class='template-page content  av-content-small alpha units'><div class='post-entry post-entry-type-page post-entry-253'><div class='entry-content-wrapper clearfix'>\n\n<style type=\"text\/css\" data-created_by=\"avia_inline_auto\" id=\"style-css-av-fs4ct-2011329042cf33b0d0d621ff1447924c\">\n.flex_column.av-fs4ct-2011329042cf33b0d0d621ff1447924c{\nborder-radius:0px 0px 0px 0px;\npadding:0px 0px 0px 0px;\n}\n<\/style>\n<div  class='flex_column av-fs4ct-2011329042cf33b0d0d621ff1447924c av_one_half  avia-builder-el-2  el_before_av_one_half  avia-builder-el-first  first flex_column_div av-zero-column-padding  '     ><style type=\"text\/css\" data-created_by=\"avia_inline_auto\" id=\"style-css-av-l6lz5w64-047bea72c2357173eb379216f89ee72f\">\n.avia-image-container.av-l6lz5w64-047bea72c2357173eb379216f89ee72f img.avia_image{\nbox-shadow:none;\n}\n.avia-image-container.av-l6lz5w64-047bea72c2357173eb379216f89ee72f .av-image-caption-overlay-center{\ncolor:#ffffff;\n}\n<\/style>\n<div  class='avia-image-container av-l6lz5w64-047bea72c2357173eb379216f89ee72f av-styling- avia-align-center  avia-builder-el-3  avia-builder-el-no-sibling '   itemprop=\"image\" itemscope=\"itemscope\" itemtype=\"https:\/\/schema.org\/ImageObject\" ><div class=\"avia-image-container-inner\"><div class=\"avia-image-overlay-wrap\"><img decoding=\"async\" fetchpriority=\"high\" class='wp-image-497 avia-img-lazy-loading-not-497 avia_image ' src=\"https:\/\/naturistderweg.be\/wp-content\/uploads\/2022\/08\/P1060401.jpg\" alt='' title='Daniel Mackels'  height=\"420\" width=\"538\"  itemprop=\"thumbnailUrl\" srcset=\"https:\/\/naturistderweg.be\/wp-content\/uploads\/2022\/08\/P1060401.jpg 538w, https:\/\/naturistderweg.be\/wp-content\/uploads\/2022\/08\/P1060401-300x234.jpg 300w\" sizes=\"(max-width: 538px) 100vw, 538px\" \/><\/div><\/div><\/div><\/div>\n<style type=\"text\/css\" data-created_by=\"avia_inline_auto\" id=\"style-css-av-abyml-ff2115e4684966eeb1ee35d425bb1cdb\">\n.flex_column.av-abyml-ff2115e4684966eeb1ee35d425bb1cdb{\nborder-radius:0px 0px 0px 0px;\npadding:0px 0px 0px 0px;\n}\n<\/style>\n<div  class='flex_column av-abyml-ff2115e4684966eeb1ee35d425bb1cdb av_one_half  avia-builder-el-4  el_after_av_one_half  el_before_av_one_third  flex_column_div av-zero-column-padding  '     ><section  class='av_textblock_section av-l6qa717f-734c4efc3c5be08deb31a3bfdf65f5d2 '   itemscope=\"itemscope\" itemtype=\"https:\/\/schema.org\/CreativeWork\" ><div class='avia_textblock'  itemprop=\"text\" ><p>Nach 33 Jahren als Mitarbeiter in einem hiesigen Produktionsbetrieb habe ich im Oktober 2020 eine 18-monatige Ausbildung als Pflege-, Familien- und Seniorenhelfer absolviert. Seit Mai 2022 arbeite ich bei der Familienhilfe\/Vivadom im Dienst &#8222;Krankenwache&#8220;, und bin auch selbstst\u00e4ndig als Pflegehelfer im Bereich der Betreuung von Familien und \u00e4lteren Menschen.<\/p>\n<p>Da ich gerne in der Natur und mit Menschen zusammen bin, habe ich entschlossen, mich nebenbei als Naturf\u00fchrer und Waldtherapeut selbstst\u00e4ndig zu machen.<\/p>\n<p>Im Januar 2019 konnte ich mein Diplom als Naturf\u00fchrer entgegennehmen und im September desselben Jahres absolvierte ich eine Ausbildung als Wald- und Naturtherapeut in Baden Baden.<\/p>\n<p>Der Wald gibt mir Ruhe und Kraft. Dies m\u00f6chte ich weitergeben und w\u00fcrde mich freuen mit Ihnen Waldtherapie\/Shinrin Yoku zu machen, oder Euch Natur pur in unserer Gegend zu zeigen.<\/p>\n<p>Ich m\u00f6chte noch kurz hinzuf\u00fcgen, dass ich von 2008 bis 2016 als Fu\u00dfballjugendtrainer 8- und 9-j\u00e4hrige Kinder trainiert habe. Seit 2013 arbeite ich ebenfalls ehrenamtlich mit Personen mit Beeintr\u00e4chtigung. Folglich w\u00fcrde ich mich freuen, wenn ich die Natur auch mit diesen Menschen entdecken darf.<\/p>\n<div id=\"ConnectiveDocSignExtentionInstalled\" data-extension-version=\"1.0.4\"><\/div>\n<\/div><\/section><\/div><div  class='flex_column av-mnfwl-2e54206a1375842d5f9728b76b1c681e av_one_third  avia-builder-el-6  el_after_av_one_half  el_before_av_one_third  first flex_column_div  column-top-margin'     ><style type=\"text\/css\" data-created_by=\"avia_inline_auto\" id=\"style-css-av-l6qbmk21-6a0b93a94f02ef9f877f2e2b1b175e7c\">\n.avia-image-container.av-l6qbmk21-6a0b93a94f02ef9f877f2e2b1b175e7c img.avia_image{\nbox-shadow:none;\n}\n.avia-image-container.av-l6qbmk21-6a0b93a94f02ef9f877f2e2b1b175e7c .av-image-caption-overlay-center{\ncolor:#ffffff;\n}\n<\/style>\n<div  class='avia-image-container av-l6qbmk21-6a0b93a94f02ef9f877f2e2b1b175e7c av-styling- avia-align-center  avia-builder-el-7  avia-builder-el-no-sibling '   itemprop=\"image\" itemscope=\"itemscope\" itemtype=\"https:\/\/schema.org\/ImageObject\" ><div class=\"avia-image-container-inner\"><div class=\"avia-image-overlay-wrap\"><img decoding=\"async\" fetchpriority=\"high\" class='wp-image-569 avia-img-lazy-loading-not-569 avia_image ' src=\"https:\/\/naturistderweg.be\/wp-content\/uploads\/2022\/08\/Mackels-Daniel-Waldtherapie_web.jpg\" alt='' title='Diplom Waldtherapie'  height=\"1000\" width=\"750\"  itemprop=\"thumbnailUrl\" srcset=\"https:\/\/naturistderweg.be\/wp-content\/uploads\/2022\/08\/Mackels-Daniel-Waldtherapie_web.jpg 750w, https:\/\/naturistderweg.be\/wp-content\/uploads\/2022\/08\/Mackels-Daniel-Waldtherapie_web-225x300.jpg 225w, https:\/\/naturistderweg.be\/wp-content\/uploads\/2022\/08\/Mackels-Daniel-Waldtherapie_web-529x705.jpg 529w\" sizes=\"(max-width: 750px) 100vw, 750px\" \/><\/div><\/div><\/div><\/div><div  class='flex_column av-gtey5-81d68584a36a2b94376f0ba9b8f02a4e av_one_third  avia-builder-el-8  el_after_av_one_third  el_before_av_one_third  flex_column_div  column-top-margin'     ><style type=\"text\/css\" data-created_by=\"avia_inline_auto\" id=\"style-css-av-l6qac5sm-b4f402df79f8c0e572a19f0efe2085eb\">\n.avia-image-container.av-l6qac5sm-b4f402df79f8c0e572a19f0efe2085eb img.avia_image{\nbox-shadow:none;\n}\n.avia-image-container.av-l6qac5sm-b4f402df79f8c0e572a19f0efe2085eb .av-image-caption-overlay-center{\ncolor:#ffffff;\n}\n<\/style>\n<div  class='avia-image-container av-l6qac5sm-b4f402df79f8c0e572a19f0efe2085eb av-styling- avia-align-center  avia-builder-el-9  avia-builder-el-no-sibling '   itemprop=\"image\" itemscope=\"itemscope\" itemtype=\"https:\/\/schema.org\/ImageObject\" ><div class=\"avia-image-container-inner\"><div class=\"avia-image-overlay-wrap\"><img decoding=\"async\" fetchpriority=\"high\" class='wp-image-568 avia-img-lazy-loading-not-568 avia_image ' src=\"https:\/\/naturistderweg.be\/wp-content\/uploads\/2022\/08\/Mackels-Daniel-Naturtherapie_web.jpg\" alt='' title='Diplom Naturtherapie'  height=\"1000\" width=\"750\"  itemprop=\"thumbnailUrl\" srcset=\"https:\/\/naturistderweg.be\/wp-content\/uploads\/2022\/08\/Mackels-Daniel-Naturtherapie_web.jpg 750w, https:\/\/naturistderweg.be\/wp-content\/uploads\/2022\/08\/Mackels-Daniel-Naturtherapie_web-225x300.jpg 225w, https:\/\/naturistderweg.be\/wp-content\/uploads\/2022\/08\/Mackels-Daniel-Naturtherapie_web-529x705.jpg 529w\" sizes=\"(max-width: 750px) 100vw, 750px\" \/><\/div><\/div><\/div><\/div><div  class='flex_column av-ar0al-c2b1a45a9279f43fbd9dfa4fd29711e2 av_one_third  avia-builder-el-10  el_after_av_one_third  avia-builder-el-last  flex_column_div  column-top-margin'     ><style type=\"text\/css\" data-created_by=\"avia_inline_auto\" id=\"style-css-av-l6qachao-16e4a1db5388f95720b0e0eade10207e\">\n.avia-image-container.av-l6qachao-16e4a1db5388f95720b0e0eade10207e img.avia_image{\nbox-shadow:none;\n}\n.avia-image-container.av-l6qachao-16e4a1db5388f95720b0e0eade10207e .av-image-caption-overlay-center{\ncolor:#ffffff;\n}\n<\/style>\n<div  class='avia-image-container av-l6qachao-16e4a1db5388f95720b0e0eade10207e av-styling- avia-align-center  avia-builder-el-11  avia-builder-el-no-sibling '   itemprop=\"image\" itemscope=\"itemscope\" itemtype=\"https:\/\/schema.org\/ImageObject\" ><div class=\"avia-image-container-inner\"><div class=\"avia-image-overlay-wrap\"><img decoding=\"async\" fetchpriority=\"high\" class='wp-image-567 avia-img-lazy-loading-not-567 avia_image ' src=\"https:\/\/naturistderweg.be\/wp-content\/uploads\/2022\/08\/Diplom-Naturfuehrer-Daniel_web.jpg\" alt='' title='Diplom Naturf\u00fchrer'  height=\"1000\" width=\"750\"  itemprop=\"thumbnailUrl\" srcset=\"https:\/\/naturistderweg.be\/wp-content\/uploads\/2022\/08\/Diplom-Naturfuehrer-Daniel_web.jpg 750w, https:\/\/naturistderweg.be\/wp-content\/uploads\/2022\/08\/Diplom-Naturfuehrer-Daniel_web-225x300.jpg 225w, https:\/\/naturistderweg.be\/wp-content\/uploads\/2022\/08\/Diplom-Naturfuehrer-Daniel_web-529x705.jpg 529w\" sizes=\"(max-width: 750px) 100vw, 750px\" \/><\/div><\/div><\/div><\/div><\/div><\/div><\/div><!-- close content main div --><\/div><\/div><div id='after_section_1'  class='main_color av_default_container_wrap container_wrap sidebar_right'  ><div class='container av-section-cont-open' ><div class='template-page content  av-content-small alpha units'><div class='post-entry post-entry-type-page post-entry-253'><div class='entry-content-wrapper clearfix'>\n","protected":false},"excerpt":{"rendered":"","protected":false},"author":1,"featured_media":0,"parent":0,"menu_order":0,"comment_status":"closed","ping_status":"closed","template":"","meta":{"footnotes":""},"class_list":["post-253","page","type-page","status-publish","hentry"],"yoast_head":"<!-- This site is optimized with the Yoast SEO plugin v27.6 - https:\/\/yoast.com\/product\/yoast-seo-wordpress\/ -->\n<title>\u00dcber mich - Natur ist der Weg<\/title>\n<meta name=\"description\" content=\"Daniel Mackels, Waldf\u00fchrer, Naturf\u00fchrer, Waldbaden, Shinrin Yoku, Waldtherapeut, Naturtherapeut, Wanderung, hohes Venn\" \/>\n<meta name=\"robots\" content=\"index, follow, max-snippet:-1, max-image-preview:large, max-video-preview:-1\" \/>\n<link rel=\"canonical\" href=\"https:\/\/naturistderweg.be\/index.php\/ueber-mich\/\" \/>\n<meta property=\"og:locale\" content=\"de_DE\" \/>\n<meta property=\"og:type\" content=\"article\" \/>\n<meta property=\"og:title\" content=\"\u00dcber mich - Natur ist der Weg\" \/>\n<meta property=\"og:description\" content=\"Daniel Mackels, Waldf\u00fchrer, Naturf\u00fchrer, Waldbaden, Shinrin Yoku, Waldtherapeut, Naturtherapeut, Wanderung, hohes Venn\" \/>\n<meta property=\"og:url\" content=\"https:\/\/naturistderweg.be\/index.php\/ueber-mich\/\" \/>\n<meta property=\"og:site_name\" content=\"Natur ist der Weg\" \/>\n<meta property=\"article:modified_time\" content=\"2023-02-24T10:06:02+00:00\" \/>\n<meta name=\"twitter:card\" content=\"summary_large_image\" \/>\n<meta name=\"twitter:label1\" content=\"Gesch\u00e4tzte Lesezeit\" \/>\n\t<meta name=\"twitter:data1\" content=\"7\u00a0Minuten\" \/>\n<script type=\"application\/ld+json\" class=\"yoast-schema-graph\">{\"@context\":\"https:\\\/\\\/schema.org\",\"@graph\":[{\"@type\":\"WebPage\",\"@id\":\"https:\\\/\\\/naturistderweg.be\\\/index.php\\\/ueber-mich\\\/\",\"url\":\"https:\\\/\\\/naturistderweg.be\\\/index.php\\\/ueber-mich\\\/\",\"name\":\"\u00dcber mich - Natur ist der Weg\",\"isPartOf\":{\"@id\":\"https:\\\/\\\/naturistderweg.be\\\/#website\"},\"datePublished\":\"2016-05-23T10:30:12+00:00\",\"dateModified\":\"2023-02-24T10:06:02+00:00\",\"description\":\"Daniel Mackels, Waldf\u00fchrer, Naturf\u00fchrer, Waldbaden, Shinrin Yoku, Waldtherapeut, Naturtherapeut, Wanderung, hohes Venn\",\"breadcrumb\":{\"@id\":\"https:\\\/\\\/naturistderweg.be\\\/index.php\\\/ueber-mich\\\/#breadcrumb\"},\"inLanguage\":\"de\",\"potentialAction\":[{\"@type\":\"ReadAction\",\"target\":[\"https:\\\/\\\/naturistderweg.be\\\/index.php\\\/ueber-mich\\\/\"]}]},{\"@type\":\"BreadcrumbList\",\"@id\":\"https:\\\/\\\/naturistderweg.be\\\/index.php\\\/ueber-mich\\\/#breadcrumb\",\"itemListElement\":[{\"@type\":\"ListItem\",\"position\":1,\"name\":\"Startseite\",\"item\":\"https:\\\/\\\/naturistderweg.be\\\/\"},{\"@type\":\"ListItem\",\"position\":2,\"name\":\"\u00dcber mich\"}]},{\"@type\":\"WebSite\",\"@id\":\"https:\\\/\\\/naturistderweg.be\\\/#website\",\"url\":\"https:\\\/\\\/naturistderweg.be\\\/\",\"name\":\"Natur ist der Weg\",\"description\":\"\",\"potentialAction\":[{\"@type\":\"SearchAction\",\"target\":{\"@type\":\"EntryPoint\",\"urlTemplate\":\"https:\\\/\\\/naturistderweg.be\\\/?s={search_term_string}\"},\"query-input\":{\"@type\":\"PropertyValueSpecification\",\"valueRequired\":true,\"valueName\":\"search_term_string\"}}],\"inLanguage\":\"de\"}]}<\/script>\n<!-- \/ Yoast SEO plugin. -->","yoast_head_json":{"title":"\u00dcber mich - Natur ist der Weg","description":"Daniel Mackels, Waldf\u00fchrer, Naturf\u00fchrer, Waldbaden, Shinrin Yoku, Waldtherapeut, Naturtherapeut, Wanderung, hohes Venn","robots":{"index":"index","follow":"follow","max-snippet":"max-snippet:-1","max-image-preview":"max-image-preview:large","max-video-preview":"max-video-preview:-1"},"canonical":"https:\/\/naturistderweg.be\/index.php\/ueber-mich\/","og_locale":"de_DE","og_type":"article","og_title":"\u00dcber mich - Natur ist der Weg","og_description":"Daniel Mackels, Waldf\u00fchrer, Naturf\u00fchrer, Waldbaden, Shinrin Yoku, Waldtherapeut, Naturtherapeut, Wanderung, hohes Venn","og_url":"https:\/\/naturistderweg.be\/index.php\/ueber-mich\/","og_site_name":"Natur ist der Weg","article_modified_time":"2023-02-24T10:06:02+00:00","twitter_card":"summary_large_image","twitter_misc":{"Gesch\u00e4tzte Lesezeit":"7\u00a0Minuten"},"schema":{"@context":"https:\/\/schema.org","@graph":[{"@type":"WebPage","@id":"https:\/\/naturistderweg.be\/index.php\/ueber-mich\/","url":"https:\/\/naturistderweg.be\/index.php\/ueber-mich\/","name":"\u00dcber mich - Natur ist der Weg","isPartOf":{"@id":"https:\/\/naturistderweg.be\/#website"},"datePublished":"2016-05-23T10:30:12+00:00","dateModified":"2023-02-24T10:06:02+00:00","description":"Daniel Mackels, Waldf\u00fchrer, Naturf\u00fchrer, Waldbaden, Shinrin Yoku, Waldtherapeut, Naturtherapeut, Wanderung, hohes Venn","breadcrumb":{"@id":"https:\/\/naturistderweg.be\/index.php\/ueber-mich\/#breadcrumb"},"inLanguage":"de","potentialAction":[{"@type":"ReadAction","target":["https:\/\/naturistderweg.be\/index.php\/ueber-mich\/"]}]},{"@type":"BreadcrumbList","@id":"https:\/\/naturistderweg.be\/index.php\/ueber-mich\/#breadcrumb","itemListElement":[{"@type":"ListItem","position":1,"name":"Startseite","item":"https:\/\/naturistderweg.be\/"},{"@type":"ListItem","position":2,"name":"\u00dcber mich"}]},{"@type":"WebSite","@id":"https:\/\/naturistderweg.be\/#website","url":"https:\/\/naturistderweg.be\/","name":"Natur ist der Weg","description":"","potentialAction":[{"@type":"SearchAction","target":{"@type":"EntryPoint","urlTemplate":"https:\/\/naturistderweg.be\/?s={search_term_string}"},"query-input":{"@type":"PropertyValueSpecification","valueRequired":true,"valueName":"search_term_string"}}],"inLanguage":"de"}]}},"_links":{"self":[{"href":"https:\/\/naturistderweg.be\/index.php\/wp-json\/wp\/v2\/pages\/253","targetHints":{"allow":["GET"]}}],"collection":[{"href":"https:\/\/naturistderweg.be\/index.php\/wp-json\/wp\/v2\/pages"}],"about":[{"href":"https:\/\/naturistderweg.be\/index.php\/wp-json\/wp\/v2\/types\/page"}],"author":[{"embeddable":true,"href":"https:\/\/naturistderweg.be\/index.php\/wp-json\/wp\/v2\/users\/1"}],"replies":[{"embeddable":true,"href":"https:\/\/naturistderweg.be\/index.php\/wp-json\/wp\/v2\/comments?post=253"}],"version-history":[{"count":22,"href":"https:\/\/naturistderweg.be\/index.php\/wp-json\/wp\/v2\/pages\/253\/revisions"}],"predecessor-version":[{"id":877,"href":"https:\/\/naturistderweg.be\/index.php\/wp-json\/wp\/v2\/pages\/253\/revisions\/877"}],"wp:attachment":[{"href":"https:\/\/naturistderweg.be\/index.php\/wp-json\/wp\/v2\/media?parent=253"}],"curies":[{"name":"wp","href":"https:\/\/api.w.org\/{rel}","templated":true}]}}